{"id":2,"date":"2023-07-13T17:04:24","date_gmt":"2023-07-13T20:04:24","guid":{"rendered":"http:\/\/sentemente.com.br\/?page_id=2"},"modified":"2023-07-13T17:46:49","modified_gmt":"2023-07-13T20:46:49","slug":"home","status":"publish","type":"page","link":"https:\/\/sentemente.com.br\/","title":{"rendered":"Blog sobre a mente"},"content":{"rendered":"<ul class=\"wp-block-latest-posts__list alignleft wp-block-latest-posts\"><li><div class=\"wp-block-latest-posts__featured-image alignleft\"><img loading=\"lazy\" decoding=\"async\" width=\"300\" height=\"180\" src=\"https:\/\/sentemente.com.br\/wp-content\/uploads\/2023\/07\/Mulher-Estressada-300x180.jpg\" class=\"attachment-medium size-medium wp-post-image\" alt=\"\" style=\"\" srcset=\"https:\/\/sentemente.com.br\/wp-content\/uploads\/2023\/07\/Mulher-Estressada-300x180.jpg 300w, https:\/\/sentemente.com.br\/wp-content\/uploads\/2023\/07\/Mulher-Estressada.jpg 500w\" sizes=\"auto, (max-width: 300px) 100vw, 300px\" \/><\/div><a class=\"wp-block-latest-posts__post-title\" href=\"https:\/\/sentemente.com.br\/?p=21\">N\u00e3o seja simp\u00e1tico<\/a><div class=\"wp-block-latest-posts__post-excerpt\">Voc\u00ea se considera uma pessoa alegre ou estressada? A resposta pode estar na sua \u201csimpatia\u201d Imagine a situa\u00e7\u00e3o: segunda-feira, 4\u2026 <a class=\"wp-block-latest-posts__read-more\" href=\"https:\/\/sentemente.com.br\/?p=21\" rel=\"noopener noreferrer\">Leia mais<span class=\"screen-reader-text\">: N\u00e3o seja simp\u00e1tico<\/span><\/a><\/div><\/li>\n<li><a class=\"wp-block-latest-posts__post-title\" href=\"https:\/\/sentemente.com.br\/?p=17\">Eu deveria, mas n\u00e3o fa\u00e7o<\/a><div class=\"wp-block-latest-posts__post-excerpt\">Voc\u00ea \u00e9 daquelas pessoas que sabem o que deveria fazer, comer, agir, falar, e mesmo assim n\u00e3o faz? Felizmente ou\u2026 <a class=\"wp-block-latest-posts__read-more\" href=\"https:\/\/sentemente.com.br\/?p=17\" rel=\"noopener noreferrer\">Leia mais<span class=\"screen-reader-text\">: Eu deveria, mas n\u00e3o fa\u00e7o<\/span><\/a><\/div><\/li>\n<li><div class=\"wp-block-latest-posts__featured-image alignleft\"><img loading=\"lazy\" decoding=\"async\" width=\"300\" height=\"166\" src=\"https:\/\/sentemente.com.br\/wp-content\/uploads\/2023\/07\/liar-2-300x166.jpg\" class=\"attachment-medium size-medium wp-post-image\" alt=\"\" style=\"\" srcset=\"https:\/\/sentemente.com.br\/wp-content\/uploads\/2023\/07\/liar-2-300x166.jpg 300w, https:\/\/sentemente.com.br\/wp-content\/uploads\/2023\/07\/liar-2.jpg 672w\" sizes=\"auto, (max-width: 300px) 100vw, 300px\" \/><\/div><a class=\"wp-block-latest-posts__post-title\" href=\"https:\/\/sentemente.com.br\/?p=12\">Escotoma: A m\u00e1scara da cegueira<\/a><div class=\"wp-block-latest-posts__post-excerpt\">Voc\u00ea j\u00e1 contou mentiras a si mesmo? Os seres humanos sempre possu\u00edram necessidades psicol\u00f3gicas, podendo ultrapassar as barreiras da realidade.\u2026 <a class=\"wp-block-latest-posts__read-more\" href=\"https:\/\/sentemente.com.br\/?p=12\" rel=\"noopener noreferrer\">Leia mais<span class=\"screen-reader-text\">: Escotoma: A m\u00e1scara da cegueira<\/span><\/a><\/div><\/li>\n<li><div class=\"wp-block-latest-posts__featured-image alignleft\"><img loading=\"lazy\" decoding=\"async\" width=\"300\" height=\"169\" src=\"https:\/\/sentemente.com.br\/wp-content\/uploads\/2023\/07\/b11934eaf06de83c9646ea713b51faf4-300x169.jpeg\" class=\"attachment-medium size-medium wp-post-image\" alt=\"\" style=\"\" srcset=\"https:\/\/sentemente.com.br\/wp-content\/uploads\/2023\/07\/b11934eaf06de83c9646ea713b51faf4-300x169.jpeg 300w, https:\/\/sentemente.com.br\/wp-content\/uploads\/2023\/07\/b11934eaf06de83c9646ea713b51faf4.jpeg 650w\" sizes=\"auto, (max-width: 300px) 100vw, 300px\" \/><\/div><a class=\"wp-block-latest-posts__post-title\" href=\"https:\/\/sentemente.com.br\/?p=1\">Por que o bot\u00e3o de Soneca est\u00e1 acabando com seu sono<\/a><div class=\"wp-block-latest-posts__post-excerpt\">Se voc\u00ea est\u00e1 aceitando a soneca, voc\u00ea est\u00e1 mentindo para voc\u00ea mesmo. O bot\u00e3o da soneca \u00e9 um dos pequenos\u2026 <a class=\"wp-block-latest-posts__read-more\" href=\"https:\/\/sentemente.com.br\/?p=1\" rel=\"noopener noreferrer\">Leia mais<span class=\"screen-reader-text\">: Por que o bot\u00e3o de Soneca est\u00e1 acabando com seu sono<\/span><\/a><\/div><\/li>\n<\/ul>","protected":false},"excerpt":{"rendered":"","protected":false},"author":1,"featured_media":0,"parent":0,"menu_order":0,"comment_status":"closed","ping_status":"closed","template":"","meta":{"footnotes":""},"class_list":["post-2","page","type-page","status-publish","hentry"],"_links":{"self":[{"href":"https:\/\/sentemente.com.br\/index.php?rest_route=\/wp\/v2\/pages\/2","targetHints":{"allow":["GET"]}}],"collection":[{"href":"https:\/\/sentemente.com.br\/index.php?rest_route=\/wp\/v2\/pages"}],"about":[{"href":"https:\/\/sentemente.com.br\/index.php?rest_route=\/wp\/v2\/types\/page"}],"author":[{"embeddable":true,"href":"https:\/\/sentemente.com.br\/index.php?rest_route=\/wp\/v2\/users\/1"}],"replies":[{"embeddable":true,"href":"https:\/\/sentemente.com.br\/index.php?rest_route=%2Fwp%2Fv2%2Fcomments&post=2"}],"version-history":[{"count":7,"href":"https:\/\/sentemente.com.br\/index.php?rest_route=\/wp\/v2\/pages\/2\/revisions"}],"predecessor-version":[{"id":37,"href":"https:\/\/sentemente.com.br\/index.php?rest_route=\/wp\/v2\/pages\/2\/revisions\/37"}],"wp:attachment":[{"href":"https:\/\/sentemente.com.br\/index.php?rest_route=%2Fwp%2Fv2%2Fmedia&parent=2"}],"curies":[{"name":"wp","href":"https:\/\/api.w.org\/{rel}","templated":true}]}}